{"id":12,"date":"2024-10-19T14:48:38","date_gmt":"2024-10-19T12:48:38","guid":{"rendered":"https:\/\/viktortabiswp.majwee.com\/?page_id=12"},"modified":"2024-10-19T15:15:02","modified_gmt":"2024-10-19T13:15:02","slug":"homepage","status":"publish","type":"page","link":"https:\/\/viktortabiswp.majwee.com\/","title":{"rendered":"Homepage"},"content":{"rendered":"<section class=\"l-section wpb_row height_medium full_height valign_center with_video\"><div id=\"us_bg_video_ra1f\" class=\"l-section-video\"><script>!function(w){var node = document.getElementById( 'us_bg_video_ra1f' );if ( w.innerWidth <= 600 ) { node.remove() }}(window);<\/script><style>@media(max-width:600px){#us_bg_video_ra1f{display:none!important}}<\/style><video  autoplay loop muted playsinline preload=\"auto\"><source type=\"video\/mp4\" src=\"https:\/\/viktortabiswp.majwee.com\/wp-content\/uploads\/2024\/10\/Original-Fullhd.mp4\" \/><\/video><\/div><div class=\"l-section-overlay\" style=\"background:rgba(26,26,26,0.40)\"><\/div><div class=\"l-section-h i-cf\"><div class=\"g-cols vc_row via_grid cols_1 laptops-cols_inherit tablets-cols_inherit mobiles-cols_1 valign_top type_default stacking_default\"><div class=\"wpb_column vc_column_container\"><div class=\"vc_column-inner\"><h1 class=\"w-itext us_custom_6df4bc3a has_text_color type_typingChars align_center\" onclick='return {&quot;duration&quot;:100,&quot;delay&quot;:3000,&quot;disablePartAnimation&quot;:false,&quot;html_nbsp_char&quot;:true}'><span class=\"w-itext-part changesat_0 changesat_1 changesat_2 dynamic\" onclick='return [&quot;We\\u00a0Follow\\u00a0Trends\\u00a0and&quot;,&quot;We\\u00a0Follow\\u00a0the\\u00a0Beer&quot;,&quot;And\\u00a0we\\u00a0like\\u00a0to\\u00a0make\\u00a0you\\u00a0Happy&quot;]'><span>We&nbsp;Follow&nbsp;Trends&nbsp;and<\/span><i class=\"w-itext-cursor\"><\/i><\/span><\/h1><\/div><\/div><\/div><\/div><\/section><section class=\"l-section wpb_row height_medium\"><div class=\"l-section-h i-cf\"><div class=\"g-cols vc_row via_grid cols_2 laptops-cols_inherit tablets-cols_inherit mobiles-cols_1 valign_top type_default stacking_default\"><div class=\"wpb_column vc_column_container\"><div class=\"vc_column-inner\"><div class=\"w-image align_none\"><div class=\"w-image-h\"><img decoding=\"async\" width=\"800\" height=\"1000\" src=\"https:\/\/viktortabiswp.majwee.com\/wp-content\/uploads\/2024\/10\/viktoo.jpg\" class=\"attachment-full size-full\" alt=\"\" loading=\"lazy\" srcset=\"https:\/\/viktortabiswp.majwee.com\/wp-content\/uploads\/2024\/10\/viktoo.jpg 800w, https:\/\/viktortabiswp.majwee.com\/wp-content\/uploads\/2024\/10\/viktoo-240x300.jpg 240w\" sizes=\"auto, (max-width: 800px) 100vw, 800px\" \/><\/div><\/div><\/div><\/div><div class=\"wpb_column vc_column_container\"><div class=\"vc_column-inner\"><div class=\"wpb_text_column\"><div class=\"wpb_wrapper\"><h2>Viktor Tabi\u0161<\/h2>\n<p>Som absolventom Ateli\u00e9ru experiment\u00e1lneho dizajnu na Vysokej \u0161kole v\u00fdtvarn\u00fdch umen\u00ed v Bratislave. Po\u010das \u0161t\u00fadia som mal mo\u017enos\u0165 p\u00f4sobi\u0165 v r\u00f4znych ateli\u00e9roch. V Ateli\u00e9ri industri\u00e1lneho dizajnu a Ateli\u00e9ri interi\u00e9rov\u00e9ho dizajnu. V roku 2019 som bol s\u00fa\u010das\u0165ou Ateli\u00e9ru hos\u0165uj\u00faceho profesora, renomovan\u00e9ho franc\u00fazskeho dizajn\u00e9ra Erica Jourdana. Moja odborn\u00e1 profil\u00e1cia sa za\u010dala rozv\u00edja\u0165 po absolvovan\u00ed doplnkov\u00e9ho ateli\u00e9ru Keramiky a porcel\u00e1nu, \u010do vy\u00fastilo do ro\u010dnej st\u00e1\u017ee v ateli\u00e9ri Pirsc Porcelain v Mikulove. Na magisterskom stupni som pokra\u010doval v Ateli\u00e9ri experiment\u00e1lneho dizajnu, kde som mohol naplno rozv\u00edja\u0165 svoj autorsk\u00fd pr\u00edstup zameran\u00fd na experimentovanie s technol\u00f3giami a tvorbu inovat\u00edvnych technologick\u00fdch postupov v dizajne.<\/p>\n<p>Od roku 2023 p\u00f4sob\u00edm ako freelance dizajn\u00e9r a z\u00e1rove\u0148 sa venujem vo\u013enej tvorbe\u00a0z\u00a0porcel\u00e1nu.<\/p>\n<\/div><\/div><\/div><\/div><\/div><\/div><\/section><section class=\"l-section wpb_row height_medium\"><div class=\"l-section-h i-cf\"><div class=\"g-cols vc_row via_grid cols_2 laptops-cols_inherit tablets-cols_inherit mobiles-cols_1 valign_top type_default stacking_default\"><div class=\"wpb_column vc_column_container\"><div class=\"vc_column-inner\"><\/div><\/div><div class=\"wpb_column vc_column_container\"><div class=\"vc_column-inner\"><\/div><\/div><\/div><\/div><\/section>\n","protected":false},"excerpt":{"rendered":"","protected":false},"author":1,"featured_media":0,"parent":0,"menu_order":0,"comment_status":"closed","ping_status":"closed","template":"","meta":{"footnotes":""},"class_list":["post-12","page","type-page","status-publish","hentry"],"_links":{"self":[{"href":"https:\/\/viktortabiswp.majwee.com\/index.php?rest_route=\/wp\/v2\/pages\/12","targetHints":{"allow":["GET"]}}],"collection":[{"href":"https:\/\/viktortabiswp.majwee.com\/index.php?rest_route=\/wp\/v2\/pages"}],"about":[{"href":"https:\/\/viktortabiswp.majwee.com\/index.php?rest_route=\/wp\/v2\/types\/page"}],"author":[{"embeddable":true,"href":"https:\/\/viktortabiswp.majwee.com\/index.php?rest_route=\/wp\/v2\/users\/1"}],"replies":[{"embeddable":true,"href":"https:\/\/viktortabiswp.majwee.com\/index.php?rest_route=%2Fwp%2Fv2%2Fcomments&post=12"}],"version-history":[{"count":20,"href":"https:\/\/viktortabiswp.majwee.com\/index.php?rest_route=\/wp\/v2\/pages\/12\/revisions"}],"predecessor-version":[{"id":24,"href":"https:\/\/viktortabiswp.majwee.com\/index.php?rest_route=\/wp\/v2\/pages\/12\/revisions\/24"}],"wp:attachment":[{"href":"https:\/\/viktortabiswp.majwee.com\/index.php?rest_route=%2Fwp%2Fv2%2Fmedia&parent=12"}],"curies":[{"name":"wp","href":"https:\/\/api.w.org\/{rel}","templated":true}]}}